{"id":24,"date":"2021-12-20T12:30:02","date_gmt":"2021-12-20T11:30:02","guid":{"rendered":"http:\/\/cabinet-joseph.com\/?page_id=24"},"modified":"2025-12-02T15:08:28","modified_gmt":"2025-12-02T14:08:28","slug":"gestion-locative","status":"publish","type":"page","link":"https:\/\/cabinet-joseph.fr\/index.php\/gestion-locative\/","title":{"rendered":""},"content":{"rendered":"\n<figure class=\"wp-block-image alignfull size-large\"><img loading=\"lazy\" decoding=\"async\" width=\"1024\" height=\"478\" src=\"http:\/\/cabinet-joseph.com\/wp-content\/uploads\/2023\/04\/offre-SERENITE-GESTION-LOCATIVE-1024x478.png\" alt=\"OFFRE GESTION LOCATIVE -SERENITE\nMise en location et Vente\nGestion locative cl\u00e9 en main\nV\u00e9rification des dossiers locataires\nR\u00e9daction et signature du bail\nEtat des lieux Entr\u00e9e\/Sorties\nGestion des Loyers et Charges de copro\nAide \u00e0 la d\u00e9claration fiscale\nAcc\u00e8s \u00e0 un r\u00e9seau d'artisan\nGestion et suivi des travaux et Sinistre\n\" class=\"wp-image-395\" srcset=\"https:\/\/cabinet-joseph.fr\/wp-content\/uploads\/2023\/04\/offre-SERENITE-GESTION-LOCATIVE-1024x478.png 1024w, https:\/\/cabinet-joseph.fr\/wp-content\/uploads\/2023\/04\/offre-SERENITE-GESTION-LOCATIVE-300x140.png 300w, https:\/\/cabinet-joseph.fr\/wp-content\/uploads\/2023\/04\/offre-SERENITE-GESTION-LOCATIVE-768x358.png 768w, https:\/\/cabinet-joseph.fr\/wp-content\/uploads\/2023\/04\/offre-SERENITE-GESTION-LOCATIVE-1536x717.png 1536w, https:\/\/cabinet-joseph.fr\/wp-content\/uploads\/2023\/04\/offre-SERENITE-GESTION-LOCATIVE.png 2000w\" sizes=\"auto, (max-width: 1024px) 100vw, 1024px\" \/><\/figure>\n\n\n\n<h3 class=\"wp-block-heading\" id=\"proprietaire-bailleur-a-paris-ou-en-ile-de-france-decouvrez-notre-mandat-de-gestion-locative-all-inclusive\">Propri\u00e9taire bailleur \u00e0 Paris ou en Ile de France ? D\u00e9couvrez notre mandat de gestion locative&nbsp; \u00ab&nbsp;all inclusive&nbsp;\u00bb<\/h3>\n\n\n\n<h4 class=\"wp-block-heading\" id=\"pourquoi-choisir-notre-agence-de-gestion-locative-a-paris\">Pourquoi choisir notre agence de gestion locative \u00e0 Paris ?<\/h4>\n\n\n\n<p>Parce que g\u00e9rer vos biens en location demande du temps, des connaissances, de la rigueur, des comp\u00e9tences juridiques, fiscales, comptables&#8230; <\/p>\n\n\n\n<p>Notre m\u00e9tier est de vous accompagner et g\u00e9rer \u00e0 votre place en toute transparence.<\/p>\n\n\n\n<p>Nous nous chargeons de toutes les d\u00e9marches sans oublier d&rsquo;accroitre la rentabilit\u00e9 de votre investissement locatif sur Paris.<\/p>\n\n\n\n<ul class=\"wp-block-list\">\n<li>Mise en location et Vente<\/li>\n\n\n\n<li>Gestion locative cl\u00e9 en main<\/li>\n\n\n\n<li>V\u00e9rification des dossiers locataires<\/li>\n\n\n\n<li>R\u00e9daction et signature du bail<\/li>\n\n\n\n<li>Etat des lieux Entr\u00e9e\/Sorties<\/li>\n\n\n\n<li>Gestion des Loyers et Charges de copro<\/li>\n\n\n\n<li>Aide \u00e0 la d\u00e9claration fiscale<\/li>\n\n\n\n<li>Acc\u00e8s \u00e0 un r\u00e9seau d&rsquo;artisan<\/li>\n\n\n\n<li>Gestion et suivi des travaux et Sinistre<\/li>\n<\/ul>\n\n\n\n<p class=\"has-text-align-center has-base-3-color has-text-color\"><strong>ALL INCLUSIVE 6%HT<\/strong><\/p>\n\n\n\n<div class=\"inherit-container-width wp-block-group alignfull has-ast-global-color-2-background-color has-background is-layout-constrained wp-block-group-is-layout-constrained\"><div class=\"wp-block-group__inner-container\">\n<div class=\"wp-block-columns alignwide has-ast-global-color-5-color has-text-color is-layout-flex wp-container-core-columns-is-layout-28f84493 wp-block-columns-is-layout-flex\">\n<div class=\"wp-block-column is-vertically-aligned-bottom is-layout-flow wp-block-column-is-layout-flow\">\n<div class=\"inherit-container-width wp-block-group is-layout-constrained wp-block-group-is-layout-constrained\"><div class=\"wp-block-group__inner-container\">\n<h4 class=\"wp-block-heading has-text-align-center has-text-color\" id=\"paris-ix\" style=\"color:#ffffff\">PARIS IX<\/h4>\n\n\n\n<p class=\"has-text-align-center has-text-color\" style=\"color:#d7d7d7\">5 rue papillon<\/p>\n\n\n\n<p class=\"has-text-align-center has-text-color\" style=\"color:#d7d7d7\">75009 Paris<\/p>\n\n\n\n<p class=\"has-text-align-center has-text-color\" style=\"color:#d7d7d7\">contact@cabinet-joseph.fr<br>+33 1 42 46 19 77<\/p>\n<\/div><\/div>\n\n\n\n<figure class=\"wp-block-image aligncenter size-full\"><img loading=\"lazy\" decoding=\"async\" width=\"300\" height=\"300\" src=\"http:\/\/cabinet-joseph.com\/wp-content\/uploads\/2022\/02\/immo.jpg\" alt=\"\" class=\"wp-image-186\" srcset=\"https:\/\/cabinet-joseph.fr\/wp-content\/uploads\/2022\/02\/immo.jpg 300w, https:\/\/cabinet-joseph.fr\/wp-content\/uploads\/2022\/02\/immo-150x150.jpg 150w\" sizes=\"auto, (max-width: 300px) 100vw, 300px\" \/><\/figure>\n<\/div>\n\n\n\n<div class=\"wp-block-column is-vertically-aligned-bottom is-layout-flow wp-block-column-is-layout-flow\">\n<iframe src=\"https:\/\/www.google.com\/maps\/embed?pb=!1m18!1m12!1m3!1d2624.1087165694316!2d2.345855815588368!3d48.87520400747693!2m3!1f0!2f0!3f0!3m2!1i1024!2i768!4f13.1!3m3!1m2!1s0x47e66e153e877ea5%3A0x433a3a2b9764b9d0!2s61%20Rue%20du%20Faubourg%20Poissonni%C3%A8re%2C%2075009%20Paris!5e0!3m2!1sfr!2sfr!4v1644173850405!5m2!1sfr!2sfr\" width=\"600\" height=\"450\" style=\"border:0;\" allowfullscreen=\"\" loading=\"lazy\"><\/iframe>\n<\/div>\n<\/div>\n<\/div><\/div>\n","protected":false},"excerpt":{"rendered":"<p>Propri\u00e9taire bailleur \u00e0 Paris ou en Ile de France ? D\u00e9couvrez notre mandat de gestion locative&nbsp; \u00ab&nbsp;all inclusive&nbsp;\u00bb Pourquoi choisir notre agence de gestion locative \u00e0 Paris ? Parce que g\u00e9rer vos biens en location demande du temps, des connaissances, de la rigueur, des comp\u00e9tences juridiques, fiscales, comptables&#8230; Notre m\u00e9tier est de vous accompagner et [&hellip;]<\/p>\n","protected":false},"author":1,"featured_media":0,"parent":0,"menu_order":0,"comment_status":"closed","ping_status":"closed","template":"","meta":{"_uag_custom_page_level_css":"","site-sidebar-layout":"default","site-content-layout":"","ast-site-content-layout":"default","site-content-style":"default","site-sidebar-style":"default","ast-global-header-display":"","ast-banner-title-visibility":"","ast-main-header-display":"","ast-hfb-above-header-display":"","ast-hfb-below-header-display":"","ast-hfb-mobile-header-display":"","site-post-title":"","ast-breadcrumbs-content":"","ast-featured-img":"","footer-sml-layout":"","ast-disable-related-posts":"","theme-transparent-header-meta":"","adv-header-id-meta":"","stick-header-meta":"","header-above-stick-meta":"","header-main-stick-meta":"","header-below-stick-meta":"","astra-migrate-meta-layouts":"set","ast-page-background-enabled":"default","ast-page-background-meta":{"desktop":{"background-color":"var(--ast-global-color-4)","background-image":"","background-repeat":"repeat","background-position":"center center","background-size":"auto","background-attachment":"scroll","background-type":"","background-media":"","overlay-type":"","overlay-color":"","overlay-opacity":"","overlay-gradient":""},"tablet":{"background-color":"","background-image":"","background-repeat":"repeat","background-position":"center center","background-size":"auto","background-attachment":"scroll","background-type":"","background-media":"","overlay-type":"","overlay-color":"","overlay-opacity":"","overlay-gradient":""},"mobile":{"background-color":"","background-image":"","background-repeat":"repeat","background-position":"center center","background-size":"auto","background-attachment":"scroll","background-type":"","background-media":"","overlay-type":"","overlay-color":"","overlay-opacity":"","overlay-gradient":""}},"ast-content-background-meta":{"desktop":{"background-color":"var(--ast-global-color-5)","background-image":"","background-repeat":"repeat","background-position":"center center","background-size":"auto","background-attachment":"scroll","background-type":"","background-media":"","overlay-type":"","overlay-color":"","overlay-opacity":"","overlay-gradient":""},"tablet":{"background-color":"var(--ast-global-color-5)","background-image":"","background-repeat":"repeat","background-position":"center center","background-size":"auto","background-attachment":"scroll","background-type":"","background-media":"","overlay-type":"","overlay-color":"","overlay-opacity":"","overlay-gradient":""},"mobile":{"background-color":"var(--ast-global-color-5)","background-image":"","background-repeat":"repeat","background-position":"center center","background-size":"auto","background-attachment":"scroll","background-type":"","background-media":"","overlay-type":"","overlay-color":"","overlay-opacity":"","overlay-gradient":""}},"footnotes":""},"class_list":["post-24","page","type-page","status-publish","hentry"],"uagb_featured_image_src":{"full":false,"thumbnail":false,"medium":false,"medium_large":false,"large":false,"1536x1536":false,"2048x2048":false},"uagb_author_info":{"display_name":"CABINET JOSEPH","author_link":"https:\/\/cabinet-joseph.fr\/index.php\/author\/admin1990\/"},"uagb_comment_info":0,"uagb_excerpt":"Propri\u00e9taire bailleur \u00e0 Paris ou en Ile de France ? D\u00e9couvrez notre mandat de gestion locative&nbsp; \u00ab&nbsp;all inclusive&nbsp;\u00bb Pourquoi choisir notre agence de gestion locative \u00e0 Paris ? Parce que g\u00e9rer vos biens en location demande du temps, des connaissances, de la rigueur, des comp\u00e9tences juridiques, fiscales, comptables&#8230; Notre m\u00e9tier est de vous accompagner et\u2026","_links":{"self":[{"href":"https:\/\/cabinet-joseph.fr\/index.php\/wp-json\/wp\/v2\/pages\/24","targetHints":{"allow":["GET"]}}],"collection":[{"href":"https:\/\/cabinet-joseph.fr\/index.php\/wp-json\/wp\/v2\/pages"}],"about":[{"href":"https:\/\/cabinet-joseph.fr\/index.php\/wp-json\/wp\/v2\/types\/page"}],"author":[{"embeddable":true,"href":"https:\/\/cabinet-joseph.fr\/index.php\/wp-json\/wp\/v2\/users\/1"}],"replies":[{"embeddable":true,"href":"https:\/\/cabinet-joseph.fr\/index.php\/wp-json\/wp\/v2\/comments?post=24"}],"version-history":[{"count":14,"href":"https:\/\/cabinet-joseph.fr\/index.php\/wp-json\/wp\/v2\/pages\/24\/revisions"}],"predecessor-version":[{"id":522,"href":"https:\/\/cabinet-joseph.fr\/index.php\/wp-json\/wp\/v2\/pages\/24\/revisions\/522"}],"wp:attachment":[{"href":"https:\/\/cabinet-joseph.fr\/index.php\/wp-json\/wp\/v2\/media?parent=24"}],"curies":[{"name":"wp","href":"https:\/\/api.w.org\/{rel}","templated":true}]}}