{"id":192,"date":"2022-02-07T17:29:06","date_gmt":"2022-02-07T16:29:06","guid":{"rendered":"http:\/\/cabinet-joseph.com\/?page_id=192"},"modified":"2022-02-07T17:43:58","modified_gmt":"2022-02-07T16:43:58","slug":"honoraire","status":"publish","type":"page","link":"https:\/\/cabinet-joseph.fr\/index.php\/honoraire\/","title":{"rendered":"HONORAIRE"},"content":{"rendered":"\n<div class=\"inherit-container-width wp-block-group has-white-background-color has-background is-layout-constrained wp-block-group-is-layout-constrained\"><div class=\"wp-block-group__inner-container\">\n<div class=\"wp-block-columns are-vertically-aligned-top is-layout-flex wp-container-core-columns-is-layout-28f84493 wp-block-columns-is-layout-flex\">\n<div class=\"wp-block-column is-vertically-aligned-top is-layout-flow wp-block-column-is-layout-flow\" style=\"flex-basis:33.33%\">\n<div class=\"wp-block-group is-layout-flow wp-block-group-is-layout-flow\"><div class=\"wp-block-group__inner-container\">\n<h2 class=\"wp-block-heading\" id=\"a-la-charge-de-l-acquereur-ou-du-vendeur\">A la charge de l&rsquo;acqu\u00e9reur ou du vendeur?<\/h2>\n\n\n\n<p>Sans h\u00e9siter, \u00e0 la charge de l&rsquo;acqu\u00e9reur pour \u00e9viter de payer des droits de mutation sur la commission d&rsquo;agence et pour plus de transparence sur le bar\u00e8me de commission de l&rsquo;agence.<\/p>\n<\/div><\/div>\n<\/div>\n\n\n\n<div class=\"wp-block-column is-vertically-aligned-top is-layout-flow wp-block-column-is-layout-flow\" style=\"flex-basis:66.66%\">\n<div class=\"wp-block-group is-layout-flow wp-block-group-is-layout-flow\"><div class=\"wp-block-group__inner-container\">\n<h2 class=\"wp-block-heading\" id=\"honoraires-a-la-charge-du-vendeur-quelle-consequence-pour-les-acheteurs\"><strong>Honoraires \u00e0 la charge du vendeur,<\/strong><br>quelle cons\u00e9quence pour les acheteurs ?<\/h2>\n\n\n\n<p>Mais alors quel est l&rsquo;impact pour le vendeur et pour l&rsquo;acqu\u00e9reur ?<br>Pour le vendeur, aucun impact. <\/p>\n\n\n\n<p>Pour l&rsquo;acqu\u00e9reur, s&rsquo;il signe un mandat charge vendeur, cela impose \u00e0 l&rsquo;acqu\u00e9reur une \u00ab\u00a0surtaxe\u00a0\u00bb de droits de mutation.<\/p>\n\n\n\n<h2 class=\"wp-block-heading\" id=\"explications\"><strong>Explications<\/strong><\/h2>\n\n\n\n<p>Lorsque les <strong><em> honoraires sont \u00e0 la charge de l&rsquo;acqu\u00e9reur,<\/em><\/strong> les frais de notaire sont calcul\u00e9s sur le prix net&nbsp;vendeur du bien hors honoraires d&rsquo;agence.<br>Sur un bien \u00e0 1 000 000 \u20ac Honoraires d&rsquo;agence inclus de 50 000 \u20ac, <\/p>\n\n\n\n<p>les droits de mutation sont calcul\u00e9s sur le net vendeur<br>Droits de mutation = (1 000 000 &#8211; 50000) * 8 %=&nbsp;<strong>76 000 \u20ac.<\/strong><br><br><strong><em>Lorsque les honoraires sont \u00e0 la charge du vendeur<\/em><\/strong>, les droits de mutation sont calcul\u00e9s sur le&nbsp;<strong>prix total.<\/strong><br><\/p>\n\n\n\n<p>Droits de mutation = 1 000 000 * 8 %=&nbsp;<strong>80 000 \u20ac.<\/strong><br>Cela repr\u00e9sente quand une diff\u00e9rence de 4000\u20ac<br>Plus les honoraires sont \u00e9lev\u00e9s et plus l&rsquo;\u00e9cart sera important.&nbsp;<\/p>\n\n\n\n<h2 class=\"wp-block-heading\" id=\"transparence-ou-opacite\"><strong>Transparence ou opacit\u00e9?<\/strong><\/h2>\n\n\n\n<p>Dans le cadre d&rsquo;un<strong><em> mandat de vente ou les honoraires sont \u00e0 la charge du vendeur<\/em><\/strong>, la loi n&rsquo;impose pas de communiquer le pourcentage d&rsquo;honoraires dans l&rsquo;annonce. <\/p>\n\n\n\n<p>A contrario,  <strong><em>mandat de vente ou les honoraires sont \u00e0 la charge <\/em><\/strong>de l&rsquo;acqu\u00e9reur, l&rsquo;agence doit faire appara\u00eetre dans l&rsquo;annonce :&nbsp;<\/p>\n\n\n\n<ul class=\"wp-block-list\"><li>le prix honoraires d&rsquo;agence inclus, <strong><em>FAI<\/em><\/strong><\/li><li>le pourcentage d&rsquo;honoraires <\/li><li>le prix hors honoraires.&nbsp;<\/li><\/ul>\n<\/div><\/div>\n<\/div>\n<\/div>\n<\/div><\/div>\n\n\n\n<div class=\"wp-block-columns is-layout-flex wp-container-core-columns-is-layout-28f84493 wp-block-columns-is-layout-flex\">\n<div class=\"wp-block-column is-layout-flow wp-block-column-is-layout-flow\" style=\"flex-basis:100%\">\n<div class=\"wp-block-cover aligncenter\"><span aria-hidden=\"true\" class=\"has-ast-global-color-2-background-color has-background-dim-100 wp-block-cover__gradient-background has-background-dim\"><\/span><div class=\"wp-block-cover__inner-container is-layout-flow wp-block-cover-is-layout-flow\">\n<div class=\"wp-block-columns alignwide has-ast-global-color-5-color has-text-color is-layout-flex wp-container-core-columns-is-layout-28f84493 wp-block-columns-is-layout-flex\">\n<div class=\"wp-block-column is-vertically-aligned-bottom is-layout-flow wp-block-column-is-layout-flow\">\n<div class=\"wp-block-group is-layout-flow wp-block-group-is-layout-flow\"><div class=\"wp-block-group__inner-container\">\n<h4 class=\"has-text-align-center has-text-color wp-block-heading\" id=\"paris-ix\" style=\"color:#ffffff\">PARIS IX<\/h4>\n\n\n\n<p class=\"has-text-align-center has-text-color\" style=\"color:#d7d7d7\">61, rue du faubourg poissonniere <\/p>\n\n\n\n<p class=\"has-text-align-center has-text-color\" style=\"color:#d7d7d7\">75009 Paris<\/p>\n\n\n\n<p class=\"has-text-align-center has-text-color\" style=\"color:#d7d7d7\">contact@cabinet-joseph.fr<br>+33 1 42 46 19 77<\/p>\n<\/div><\/div>\n\n\n\n<div class=\"wp-block-image\"><figure class=\"aligncenter size-large\"><img loading=\"lazy\" decoding=\"async\" width=\"1024\" height=\"724\" src=\"http:\/\/cabinet-joseph.com\/wp-content\/uploads\/2022\/02\/paris-city-cloudy-day-6803796-1024x724.jpg\" alt=\"paris, city, cloudy day-6803796.jpg\" class=\"wp-image-151\" srcset=\"https:\/\/cabinet-joseph.fr\/wp-content\/uploads\/2022\/02\/paris-city-cloudy-day-6803796-1024x724.jpg 1024w, https:\/\/cabinet-joseph.fr\/wp-content\/uploads\/2022\/02\/paris-city-cloudy-day-6803796-300x212.jpg 300w, https:\/\/cabinet-joseph.fr\/wp-content\/uploads\/2022\/02\/paris-city-cloudy-day-6803796-768x543.jpg 768w, https:\/\/cabinet-joseph.fr\/wp-content\/uploads\/2022\/02\/paris-city-cloudy-day-6803796.jpg 1280w\" sizes=\"auto, (max-width: 1024px) 100vw, 1024px\" \/><\/figure><\/div>\n<\/div>\n\n\n\n<div class=\"wp-block-column is-vertically-aligned-bottom is-layout-flow wp-block-column-is-layout-flow\">\n<h4 class=\"has-text-align-center has-text-color wp-block-heading\" id=\"paris-x\" style=\"color:#ffffff\">PARIS X<\/h4>\n\n\n\n<p class=\"has-text-align-center has-text-color\" style=\"color:#d7d7d7\">51, rue de Paradis<\/p>\n\n\n\n<p class=\"has-text-align-center has-ast-global-color-4-color has-text-color\">75010 Paris<\/p>\n\n\n\n<p class=\"has-text-align-center has-text-color\" style=\"color:#d7d7d7\">contact@cabinet-joseph.fr<br>+33 1 42 46 19 77<\/p>\n\n\n\n<figure class=\"wp-block-image size-large\"><img loading=\"lazy\" decoding=\"async\" width=\"1024\" height=\"768\" src=\"http:\/\/cabinet-joseph.com\/wp-content\/uploads\/2022\/02\/the-thinker-rodin-paris-692959-1024x768.jpg\" alt=\"the thinker, rodin, paris-692959.jpg\" class=\"wp-image-152\" srcset=\"https:\/\/cabinet-joseph.fr\/wp-content\/uploads\/2022\/02\/the-thinker-rodin-paris-692959-1024x768.jpg 1024w, https:\/\/cabinet-joseph.fr\/wp-content\/uploads\/2022\/02\/the-thinker-rodin-paris-692959-300x225.jpg 300w, https:\/\/cabinet-joseph.fr\/wp-content\/uploads\/2022\/02\/the-thinker-rodin-paris-692959-768x576.jpg 768w, https:\/\/cabinet-joseph.fr\/wp-content\/uploads\/2022\/02\/the-thinker-rodin-paris-692959.jpg 1280w\" sizes=\"auto, (max-width: 1024px) 100vw, 1024px\" \/><\/figure>\n<\/div>\n\n\n\n<div class=\"wp-block-column is-vertically-aligned-bottom is-layout-flow wp-block-column-is-layout-flow\">\n<iframe src=\"https:\/\/www.google.com\/maps\/embed?pb=!1m18!1m12!1m3!1d2624.1087165694316!2d2.345855815588368!3d48.87520400747693!2m3!1f0!2f0!3f0!3m2!1i1024!2i768!4f13.1!3m3!1m2!1s0x47e66e153e877ea5%3A0x433a3a2b9764b9d0!2s61%20Rue%20du%20Faubourg%20Poissonni%C3%A8re%2C%2075009%20Paris!5e0!3m2!1sfr!2sfr!4v1644173850405!5m2!1sfr!2sfr\" width=\"600\" height=\"450\" style=\"border:0;\" allowfullscreen=\"\" loading=\"lazy\"><\/iframe>\n<\/div>\n<\/div>\n<\/div><\/div>\n<\/div>\n<\/div>\n","protected":false},"excerpt":{"rendered":"<p>A la charge de l&rsquo;acqu\u00e9reur ou du vendeur? Sans h\u00e9siter, \u00e0 la charge de l&rsquo;acqu\u00e9reur pour \u00e9viter de payer des droits de mutation sur la commission d&rsquo;agence et pour plus de transparence sur le bar\u00e8me de commission de l&rsquo;agence. Honoraires \u00e0 la charge du vendeur,quelle cons\u00e9quence pour les acheteurs ? Mais alors quel est l&rsquo;impact [&hellip;]<\/p>\n","protected":false},"author":1,"featured_media":0,"parent":0,"menu_order":0,"comment_status":"closed","ping_status":"closed","template":"","meta":{"_uag_custom_page_level_css":"","site-sidebar-layout":"default","site-content-layout":"","ast-site-content-layout":"default","site-content-style":"default","site-sidebar-style":"default","ast-global-header-display":"","ast-banner-title-visibility":"","ast-main-header-display":"","ast-hfb-above-header-display":"","ast-hfb-below-header-display":"","ast-hfb-mobile-header-display":"","site-post-title":"","ast-breadcrumbs-content":"","ast-featured-img":"","footer-sml-layout":"","ast-disable-related-posts":"","theme-transparent-header-meta":"","adv-header-id-meta":"","stick-header-meta":"","header-above-stick-meta":"","header-main-stick-meta":"","header-below-stick-meta":"","astra-migrate-meta-layouts":"default","ast-page-background-enabled":"default","ast-page-background-meta":{"desktop":{"background-color":"var(--ast-global-color-4)","background-image":"","background-repeat":"repeat","background-position":"center center","background-size":"auto","background-attachment":"scroll","background-type":"","background-media":"","overlay-type":"","overlay-color":"","overlay-opacity":"","overlay-gradient":""},"tablet":{"background-color":"","background-image":"","background-repeat":"repeat","background-position":"center center","background-size":"auto","background-attachment":"scroll","background-type":"","background-media":"","overlay-type":"","overlay-color":"","overlay-opacity":"","overlay-gradient":""},"mobile":{"background-color":"","background-image":"","background-repeat":"repeat","background-position":"center center","background-size":"auto","background-attachment":"scroll","background-type":"","background-media":"","overlay-type":"","overlay-color":"","overlay-opacity":"","overlay-gradient":""}},"ast-content-background-meta":{"desktop":{"background-color":"var(--ast-global-color-5)","background-image":"","background-repeat":"repeat","background-position":"center center","background-size":"auto","background-attachment":"scroll","background-type":"","background-media":"","overlay-type":"","overlay-color":"","overlay-opacity":"","overlay-gradient":""},"tablet":{"background-color":"var(--ast-global-color-5)","background-image":"","background-repeat":"repeat","background-position":"center center","background-size":"auto","background-attachment":"scroll","background-type":"","background-media":"","overlay-type":"","overlay-color":"","overlay-opacity":"","overlay-gradient":""},"mobile":{"background-color":"var(--ast-global-color-5)","background-image":"","background-repeat":"repeat","background-position":"center center","background-size":"auto","background-attachment":"scroll","background-type":"","background-media":"","overlay-type":"","overlay-color":"","overlay-opacity":"","overlay-gradient":""}},"footnotes":""},"class_list":["post-192","page","type-page","status-publish","hentry"],"uagb_featured_image_src":{"full":false,"thumbnail":false,"medium":false,"medium_large":false,"large":false,"1536x1536":false,"2048x2048":false},"uagb_author_info":{"display_name":"CABINET JOSEPH","author_link":"https:\/\/cabinet-joseph.fr\/index.php\/author\/admin1990\/"},"uagb_comment_info":0,"uagb_excerpt":"A la charge de l&rsquo;acqu\u00e9reur ou du vendeur? Sans h\u00e9siter, \u00e0 la charge de l&rsquo;acqu\u00e9reur pour \u00e9viter de payer des droits de mutation sur la commission d&rsquo;agence et pour plus de transparence sur le bar\u00e8me de commission de l&rsquo;agence. Honoraires \u00e0 la charge du vendeur,quelle cons\u00e9quence pour les acheteurs ? Mais alors quel est l&rsquo;impact\u2026","_links":{"self":[{"href":"https:\/\/cabinet-joseph.fr\/index.php\/wp-json\/wp\/v2\/pages\/192","targetHints":{"allow":["GET"]}}],"collection":[{"href":"https:\/\/cabinet-joseph.fr\/index.php\/wp-json\/wp\/v2\/pages"}],"about":[{"href":"https:\/\/cabinet-joseph.fr\/index.php\/wp-json\/wp\/v2\/types\/page"}],"author":[{"embeddable":true,"href":"https:\/\/cabinet-joseph.fr\/index.php\/wp-json\/wp\/v2\/users\/1"}],"replies":[{"embeddable":true,"href":"https:\/\/cabinet-joseph.fr\/index.php\/wp-json\/wp\/v2\/comments?post=192"}],"version-history":[{"count":5,"href":"https:\/\/cabinet-joseph.fr\/index.php\/wp-json\/wp\/v2\/pages\/192\/revisions"}],"predecessor-version":[{"id":200,"href":"https:\/\/cabinet-joseph.fr\/index.php\/wp-json\/wp\/v2\/pages\/192\/revisions\/200"}],"wp:attachment":[{"href":"https:\/\/cabinet-joseph.fr\/index.php\/wp-json\/wp\/v2\/media?parent=192"}],"curies":[{"name":"wp","href":"https:\/\/api.w.org\/{rel}","templated":true}]}}